{"id":9535,"date":"2021-01-04T14:09:18","date_gmt":"2021-01-04T11:09:18","guid":{"rendered":"http:\/\/www.arionilac.com.tr\/?page_id=9535"},"modified":"2022-09-05T14:10:31","modified_gmt":"2022-09-05T14:10:31","slug":"kvkk","status":"publish","type":"page","link":"https:\/\/arionilac.com.tr\/en\/kvkk\/","title":{"rendered":"KVKK"},"content":{"rendered":"\t\t<div data-elementor-type=\"wp-page\" data-elementor-id=\"9535\" class=\"elementor elementor-9535\">\n\t\t\t\t\t\t\t\t\t<section class=\"elementor-section elementor-top-section elementor-element elementor-element-d112a84 elementor-section-boxed elementor-section-height-default elementor-section-height-default\" data-id=\"d112a84\" data-element_type=\"section\">\n\t\t\t\t\t\t<div class=\"elementor-container elementor-column-gap-default\">\n\t\t\t\t\t<div class=\"elementor-column elementor-col-100 elementor-top-column elementor-element elementor-element-898608a\" data-id=\"898608a\" data-element_type=\"column\">\n\t\t\t<div class=\"elementor-widget-wrap elementor-element-populated\">\n\t\t\t\t\t\t\t\t<div class=\"elementor-element elementor-element-16bf009 elementor-widget elementor-widget-heading\" data-id=\"16bf009\" data-element_type=\"widget\" data-widget_type=\"heading.default\">\n\t\t\t\t<div class=\"elementor-widget-container\">\n\t\t\t<style>\/*! elementor - v3.7.3 - 29-08-2022 *\/\n.elementor-heading-title{padding:0;margin:0;line-height:1}.elementor-widget-heading .elementor-heading-title[class*=elementor-size-]>a{color:inherit;font-size:inherit;line-height:inherit}.elementor-widget-heading .elementor-heading-title.elementor-size-small{font-size:15px}.elementor-widget-heading .elementor-heading-title.elementor-size-medium{font-size:19px}.elementor-widget-heading .elementor-heading-title.elementor-size-large{font-size:29px}.elementor-widget-heading .elementor-heading-title.elementor-size-xl{font-size:39px}.elementor-widget-heading .elementor-heading-title.elementor-size-xxl{font-size:59px}<\/style><h2 class=\"elementor-heading-title elementor-size-default\">KVKK<\/h2>\t\t<\/div>\n\t\t\t\t<\/div>\n\t\t\t\t<div class=\"elementor-element elementor-element-50a3a79 elementor-widget-divider--view-line elementor-widget elementor-widget-divider\" data-id=\"50a3a79\" data-element_type=\"widget\" data-widget_type=\"divider.default\">\n\t\t\t\t<div class=\"elementor-widget-container\">\n\t\t\t<style>\/*! elementor - v3.7.3 - 29-08-2022 *\/\n.elementor-widget-divider{--divider-border-style:none;--divider-border-width:1px;--divider-color:#2c2c2c;--divider-icon-size:20px;--divider-element-spacing:10px;--divider-pattern-height:24px;--divider-pattern-size:20px;--divider-pattern-url:none;--divider-pattern-repeat:repeat-x}.elementor-widget-divider .elementor-divider{display:-webkit-box;display:-ms-flexbox;display:flex}.elementor-widget-divider .elementor-divider__text{font-size:15px;line-height:1;max-width:95%}.elementor-widget-divider .elementor-divider__element{margin:0 var(--divider-element-spacing);-ms-flex-negative:0;flex-shrink:0}.elementor-widget-divider .elementor-icon{font-size:var(--divider-icon-size)}.elementor-widget-divider .elementor-divider-separator{display:-webkit-box;display:-ms-flexbox;display:flex;margin:0;direction:ltr}.elementor-widget-divider--view-line_icon .elementor-divider-separator,.elementor-widget-divider--view-line_text .elementor-divider-separator{-webkit-box-align:center;-ms-flex-align:center;align-items:center}.elementor-widget-divider--view-line_icon .elementor-divider-separator:after,.elementor-widget-divider--view-line_icon .elementor-divider-separator:before,.elementor-widget-divider--view-line_text .elementor-divider-separator:after,.elementor-widget-divider--view-line_text .elementor-divider-separator:before{display:block;content:\"\";border-bottom:0;-webkit-box-flex:1;-ms-flex-positive:1;flex-grow:1;border-top:var(--divider-border-width) var(--divider-border-style) var(--divider-color)}.elementor-widget-divider--element-align-left .elementor-divider .elementor-divider-separator>.elementor-divider__svg:first-of-type{-webkit-box-flex:0;-ms-flex-positive:0;flex-grow:0;-ms-flex-negative:100;flex-shrink:100}.elementor-widget-divider--element-align-left .elementor-divider-separator:before{content:none}.elementor-widget-divider--element-align-left .elementor-divider__element{margin-left:0}.elementor-widget-divider--element-align-right .elementor-divider .elementor-divider-separator>.elementor-divider__svg:last-of-type{-webkit-box-flex:0;-ms-flex-positive:0;flex-grow:0;-ms-flex-negative:100;flex-shrink:100}.elementor-widget-divider--element-align-right .elementor-divider-separator:after{content:none}.elementor-widget-divider--element-align-right .elementor-divider__element{margin-right:0}.elementor-widget-divider:not(.elementor-widget-divider--view-line_text):not(.elementor-widget-divider--view-line_icon) .elementor-divider-separator{border-top:var(--divider-border-width) var(--divider-border-style) var(--divider-color)}.elementor-widget-divider--separator-type-pattern{--divider-border-style:none}.elementor-widget-divider--separator-type-pattern.elementor-widget-divider--view-line .elementor-divider-separator,.elementor-widget-divider--separator-type-pattern:not(.elementor-widget-divider--view-line) .elementor-divider-separator:after,.elementor-widget-divider--separator-type-pattern:not(.elementor-widget-divider--view-line) .elementor-divider-separator:before,.elementor-widget-divider--separator-type-pattern:not([class*=elementor-widget-divider--view]) .elementor-divider-separator{width:100%;min-height:var(--divider-pattern-height);-webkit-mask-size:var(--divider-pattern-size) 100%;mask-size:var(--divider-pattern-size) 100%;-webkit-mask-repeat:var(--divider-pattern-repeat);mask-repeat:var(--divider-pattern-repeat);background-color:var(--divider-color);-webkit-mask-image:var(--divider-pattern-url);mask-image:var(--divider-pattern-url)}.elementor-widget-divider--no-spacing{--divider-pattern-size:auto}.elementor-widget-divider--bg-round{--divider-pattern-repeat:round}.rtl .elementor-widget-divider .elementor-divider__text{direction:rtl}.e-container>.elementor-widget-divider{width:var(--container-widget-width,100%);--flex-grow:var(--container-widget-flex-grow,0)}<\/style>\t\t<div class=\"elementor-divider\">\n\t\t\t<span class=\"elementor-divider-separator\">\n\t\t\t\t\t\t<\/span>\n\t\t<\/div>\n\t\t\t\t<\/div>\n\t\t\t\t<\/div>\n\t\t\t\t\t<\/div>\n\t\t<\/div>\n\t\t\t\t\t\t\t<\/div>\n\t\t<\/section>\n\t\t\t\t<section class=\"elementor-section elementor-top-section elementor-element elementor-element-be4e4b3 elementor-section-boxed elementor-section-height-default elementor-section-height-default\" data-id=\"be4e4b3\" data-element_type=\"section\">\n\t\t\t\t\t\t<div class=\"elementor-container elementor-column-gap-default\">\n\t\t\t\t\t<div class=\"elementor-column elementor-col-100 elementor-top-column elementor-element elementor-element-6e6d7a6\" data-id=\"6e6d7a6\" data-element_type=\"column\">\n\t\t\t<div class=\"elementor-widget-wrap elementor-element-populated\">\n\t\t\t\t\t\t\t\t<div class=\"elementor-element elementor-element-de6b428 elementor-widget elementor-widget-text-editor\" data-id=\"de6b428\" data-element_type=\"widget\" data-widget_type=\"text-editor.default\">\n\t\t\t\t<div class=\"elementor-widget-container\">\n\t\t\t<style>\/*! elementor - v3.7.3 - 29-08-2022 *\/\n.elementor-widget-text-editor.elementor-drop-cap-view-stacked .elementor-drop-cap{background-color:#818a91;color:#fff}.elementor-widget-text-editor.elementor-drop-cap-view-framed .elementor-drop-cap{color:#818a91;border:3px solid;background-color:transparent}.elementor-widget-text-editor:not(.elementor-drop-cap-view-default) .elementor-drop-cap{margin-top:8px}.elementor-widget-text-editor:not(.elementor-drop-cap-view-default) .elementor-drop-cap-letter{width:1em;height:1em}.elementor-widget-text-editor .elementor-drop-cap{float:left;text-align:center;line-height:1;font-size:50px}.elementor-widget-text-editor .elementor-drop-cap-letter{display:inline-block}<\/style>\t\t\t\t<p><strong>K\u0130\u015e\u0130SEL VER\u0130LER\u0130N KORUNMASI KANUNU UYARINCA<\/strong><\/p><p><strong>\u00c7ALI\u015eAN AYDINLATMA METN\u0130<\/strong><\/p><p><strong>Arion \u0130la\u00e7 .San. Ve Tic. A.\u015e. <\/strong>\u00a0\u00a0olarak ki\u015fisel verilerinizin g\u00fcvenli\u011fi hususuna azami hassasiyet g\u00f6stermekteyiz. Bu bilin\u00e7le, \u015eirket olarak \u00e7al\u0131\u015fanlar\u0131m\u0131za ait her t\u00fcrl\u00fc ki\u015fisel verilerin 6698 Say\u0131l\u0131 Ki\u015fisel Verilerin Korunmas\u0131 Kanunu (\u201cKVKK\u201d)\u2019na uygun olarak i\u015flenerek, muhafaza edilmesine b\u00fcy\u00fck \u00f6nem atfetmekteyiz. Bu sorumlulu\u011fumuzun tam idraki ile KVKK kapsam\u0131nda tan\u0131ml\u0131 \u201cVeri Sorumlusu\u201d s\u0131fat\u0131yla, ki\u015fisel verilerinizi a\u015fa\u011f\u0131da izah edildi\u011fi surette ve mevzuat taraf\u0131ndan emredilen s\u0131n\u0131rlar \u00e7er\u00e7evesinde i\u015flemekteyiz.<\/p><p><strong><u>Veri Sorumlusu : <\/u><\/strong><\/p><p>KVKK uyar\u0131nca \u00e7al\u0131\u015fan, stajyer vb. s\u0131fatlar\u0131 ile payla\u015ft\u0131\u011f\u0131n\u0131z ki\u015fisel verileriniz, veri sorumlusu olarak belirlenen <strong>Arion \u0130la\u00e7 San. Ve Tic. A.\u015e.<\/strong> t\u00fczel ki\u015fili\u011fi taraf\u0131ndan a\u015fa\u011f\u0131da belirtilen kapsamda de\u011ferlendirilecektir.<\/p><ol><li><strong>Ki\u015fisel Verilerin Toplanmas\u0131, \u0130\u015flenmesi ve \u0130\u015fletme Ama\u00e7lar\u0131<\/strong><\/li><\/ol><p>Ki\u015fisel verileriniz, \u015eirketimiz b\u00fcnyesine kat\u0131lmak amac\u0131yla yapm\u0131\u015f oldu\u011funuz ba\u015fvurudan itibaren ba\u015flamak \u00fczere, \u00e7al\u0131\u015ft\u0131\u011f\u0131n\u0131z s\u00fcre boyunca \u015firketimiz ile taraf\u0131n\u0131zla akdetmi\u015f oldu\u011fumuz hizmet akdinin h\u00fck\u00fcmlerinin yerine getirilmesi, \u00e7al\u0131\u015fan \u00f6zl\u00fck bilgilerinin olu\u015fturulmas\u0131 ve saklanmas\u0131 ile \u00e7e\u015fitli kanun, y\u00f6netmelik ve ilgili t\u00fcm mevzuatlarda bulunan y\u00fck\u00fcml\u00fcl\u00fcklerin yerine getirilmesi amac\u0131yla ; otomatik ya da otomatik olmayan y\u00f6ntemlerle, s\u00f6zl\u00fc, yaz\u0131l\u0131 olarak veya elektronik ortamda KVKK\u2019n\u0131n 5. ve 6. Maddelerinde belirtilen ki\u015fisel verileri i\u015fleme \u015fartlar\u0131 ve ama\u00e7lar\u0131 uyar\u0131nca,<\/p><ul><li>Hukuka ve d\u00fcr\u00fcstl\u00fck kurallar\u0131na uygun,<\/li><li>Do\u011fru ve gerekti\u011finde g\u00fcncel,<\/li><li>Belirli, a\u00e7\u0131k ve me\u015fru ama\u00e7lar i\u00e7in,<\/li><li>\u0130\u015flendikleri ama\u00e7la ba\u011flant\u0131l\u0131, s\u0131n\u0131rl\u0131 ve \u00f6l\u00e7\u00fcl\u00fc,<\/li><li>\u0130lgili mevzuatta \u00f6ng\u00f6r\u00fclen veya i\u015flendikleri ama\u00e7 i\u00e7in gerekli olan s\u00fcre kadar muhafaza edilme,<\/li><\/ul><p>Kurallar\u0131na uygun bir \u015fekilde i\u015flenecektir.<\/p><ol start=\"2\"><li><strong>\u0130\u015flenen Ki\u015fisel Verilerin Kimlere ve Hangi Ama\u00e7la Aktar\u0131labilece\u011fi :<\/strong><\/li><\/ol><p>Toplanan ki\u015fisel verileriniz; \u015eirketimiz hizmetlerinden faydalanman\u0131z i\u00e7in gerekli \u00e7al\u0131\u015fmalar\u0131n ilgili i\u015f birimleri taraf\u0131ndan yap\u0131lmas\u0131, \u015eirketimizin ve \u015eirketimizle i\u015f ili\u015fkisi i\u00e7erisinde olan ki\u015filerin hukuki ve ticari g\u00fcvenli\u011finin temini, \u015eirketimizin ticari ve i\u015f stratejilerinin belirlenmesi ve uygulanmas\u0131 ile \u015eirketimizin insan kaynaklar\u0131 politikalar\u0131n\u0131n y\u00fcr\u00fct\u00fclmesinin temini ama\u00e7lar\u0131yla i\u015f ortaklar\u0131m\u0131za, tedarik\u00e7ilerimize, kanunen yetkili kamu kurumlar\u0131 ve \u00f6zel ki\u015filere KVKK\u2019n\u0131n 8. ve 9. Maddelerinde belirtilen ki\u015fisel veri i\u015fleme \u015fartlar\u0131 ve ama\u00e7lar\u0131 \u00e7er\u00e7evesinde aktar\u0131labilecektir.<\/p><ol start=\"3\"><li><strong>Ki\u015fisel Veri Toplaman\u0131n Y\u00f6ntemi ve Hukuki Sebebi :<\/strong><\/li><\/ol><p>Bu hukuki sebeple toplanan ki\u015fisel verileriniz KVKK\u2019n\u0131n 5. ve 6. maddelerinde belirtilen ki\u015fisel veri i\u015fleme \u015fartlar\u0131 ve ama\u00e7lar\u0131 kapsam\u0131nda bu metnin (1) ve (2) numaral\u0131 maddelerinde belirtilen ama\u00e7larla da i\u015flenebilmekte ve aktar\u0131labilmektedir.<\/p><ol start=\"4\"><li><strong>Ki\u015fisel Veri Sahibinin KVKK\u2019 n\u0131n 11. Maddesinde Say\u0131lan Haklar\u0131 :<\/strong><\/li><\/ol><p>Ki\u015fisel veri sahipleri olarak, haklar\u0131n\u0131za ili\u015fkin taleplerinizi, a\u015fa\u011f\u0131da d\u00fczenlenen y\u00f6ntemlerle \u015eirketimize iletmeniz durumunda \u015eirketimiz talebin niteli\u011fine g\u00f6re en ge\u00e7 30 g\u00fcn i\u00e7erisinde \u00fccretsiz olarak sonu\u00e7land\u0131racakt\u0131r. Ancak, Ki\u015fisel Verileri Korumu Kurulu\u2019nca bir \u00fccret \u00f6ng\u00f6r\u00fclmesi halinde, \u015eirketimiz taraf\u0131ndan belirlenen tarifedeki \u00fccret al\u0131nacakt\u0131r. Bu kapsamda ki\u015fisel veri sahipleri;<\/p><ul><li>Ki\u015fisel veri i\u015flenip i\u015flenmedi\u011fini \u00f6\u011frenme,<\/li><li>Ki\u015fisel veri i\u015flenmi\u015fse buna ili\u015fkin bilgi talep etme,<\/li><li>Ki\u015fisel verilerin i\u015flenme amac\u0131 ve bunlar\u0131n amac\u0131na uygun kullan\u0131l\u0131p kullan\u0131lmad\u0131\u011f\u0131n\u0131 \u00f6\u011frenme,<\/li><li>Yurt i\u00e7inde ve yurt d\u0131\u015f\u0131nda ki\u015fisel verilerin aktar\u0131ld\u0131\u011f\u0131 \u00fc\u00e7\u00fcnc\u00fc ki\u015fileri bilme,<\/li><li>Ki\u015fisel verilerin eksik veya yanl\u0131\u015f i\u015flenmi\u015f olmas\u0131 halinde bunlar\u0131n d\u00fczeltilmesini isteme,<\/li><li>KVKK 7. Maddesinde \u00f6ng\u00f6r\u00fclen \u015fartlar \u00e7er\u00e7evesinde ki\u015fisel verilerin silinmesi veya yok edilmesini isteme,<\/li><li>(e) ve (f) bentleri uyar\u0131nca yap\u0131lan i\u015flemlerin, ki\u015fisel verilerin aktar\u0131ld\u0131\u011f\u0131 \u00fc\u00e7\u00fcnc\u00fc ki\u015filere bildirilmesini isteme,<\/li><li>\u0130\u015flenen verilerin m\u00fcnhas\u0131ran otomatik sistemler vas\u0131tas\u0131yla analiz edilmesi suretiyle ki\u015finin kendisi aleyhine bir sonucun ortaya \u00e7\u0131kmas\u0131na itiraz etme,<\/li><li>Ki\u015fisel verilerin kanuna ayk\u0131r\u0131 olarak i\u015flenmesi sebebiyle zarara u\u011framas\u0131 halinde zarar\u0131n giderilmesini talep etme haklar\u0131na sahiptir.<\/li><\/ul><p>KVKK\u2019 n\u0131n 13. Maddesinin 1. F\u0131kras\u0131 gere\u011fince, yukar\u0131da belirtilen haklar\u0131n\u0131z\u0131 kullanmak ile ilgili talebinizi, yaz\u0131l\u0131 veya ki\u015fisel verileri Koruma Kurulu\u2019nun belirledi\u011fi di\u011fer y\u00f6ntemlerle \u015eirketimize iletebilirsiniz. Ki\u015fisel Verileri Koruma Kurulu, \u015fu a\u015famada herhangi bir y\u00f6ntem belirlemedi\u011fi i\u00e7in, ba\u015fvurunuz, KVKK gere\u011fince, yaz\u0131l\u0131 olarak \u015eirketimize iletmeniz gerekmektedir. Bu \u00e7er\u00e7evede \u015eirketimize KVKK\u2019 n\u0131n 11. Maddesi kapsam\u0131nda yapaca\u011f\u0131n\u0131z ba\u015fvurularda yaz\u0131l\u0131 olarak ba\u015fvurunuzu iletece\u011finiz kanallar ve usuller a\u015fa\u011f\u0131da a\u00e7\u0131klanmaktad\u0131r.<\/p><p>Yukar\u0131da belirtilen haklar\u0131n\u0131z\u0131 kullanmak ve kimli\u011finizi tespit edici gerekli bilgiler ile KVKK\u2019 n\u0131n 11. Maddesinde belirtilen haklardan kullanmay\u0131 talep etti\u011finiz hakk\u0131n\u0131za y\u00f6nelik a\u00e7\u0131klamalar\u0131n\u0131z\u0131 i\u00e7eren talebinizi, a\u00e7\u0131k ve anla\u015f\u0131l\u0131r bir \u015fekilde ve kimlik ve adres bilgilerini tespit edici belgeleri de ekleyerek, yaz\u0131l\u0131 ve \u0131slak imzal\u0131 olarak elden, postayla ya da noter kanal\u0131yla <strong>info@arionilac.com.tr<\/strong> veya\u00a0 <strong>\u0130TOSB 12.Cad.No:8 Tepe\u00f6ren\/Tuzla\/\u0130st<\/strong> Adresine ula\u015ft\u0131rman\u0131z gerekmektedir.<\/p><p>Sayg\u0131lar\u0131m\u0131zla\u00a0\u00a0\u00a0<\/p>\t\t\t\t\t\t<\/div>\n\t\t\t\t<\/div>\n\t\t\t\t\t<\/div>\n\t\t<\/div>\n\t\t\t\t\t\t\t<\/div>\n\t\t<\/section>\n\t\t\t\t\t\t\t<\/div>\n\t\t","protected":false},"excerpt":{"rendered":"<p>K\u0130\u015e\u0130SEL VER\u0130LER\u0130N KORUNMASI KANUNU UYARINCA \u00c7ALI\u015eAN AYDINLATMA METN\u0130 Arion \u0130la\u00e7 .San. Ve Tic. A.\u015e. \u00a0\u00a0olarak ki\u015fisel verilerinizin g\u00fcvenli\u011fi hususuna azami hassasiyet g\u00f6stermekteyiz. Bu bilin\u00e7le, \u015eirket olarak \u00e7al\u0131\u015fanlar\u0131m\u0131za ait her t\u00fcrl\u00fc ki\u015fisel verilerin 6698 Say\u0131l\u0131 Ki\u015fisel Verilerin Korunmas\u0131 Kanunu (\u201cKVKK\u201d)\u2019na uygun olarak i\u015flenerek, muhafaza edilmesine b\u00fcy\u00fck \u00f6nem atfetmekteyiz. Bu sorumlulu\u011fumuzun tam idraki ile KVKK kapsam\u0131nda tan\u0131ml\u0131 &#8230; <a title=\"KVKK\" class=\"read-more\" href=\"https:\/\/arionilac.com.tr\/en\/kvkk\/\" aria-label=\"Read more about KVKK\">Devam\u0131n\u0131 oku<\/a><\/p>\n","protected":false},"author":1,"featured_media":0,"parent":0,"menu_order":0,"comment_status":"closed","ping_status":"closed","template":"elementor_header_footer","meta":{"footnotes":""},"class_list":["post-9535","page","type-page","status-publish"],"_links":{"self":[{"href":"https:\/\/arionilac.com.tr\/en\/wp-json\/wp\/v2\/pages\/9535","targetHints":{"allow":["GET"]}}],"collection":[{"href":"https:\/\/arionilac.com.tr\/en\/wp-json\/wp\/v2\/pages"}],"about":[{"href":"https:\/\/arionilac.com.tr\/en\/wp-json\/wp\/v2\/types\/page"}],"author":[{"embeddable":true,"href":"https:\/\/arionilac.com.tr\/en\/wp-json\/wp\/v2\/users\/1"}],"replies":[{"embeddable":true,"href":"https:\/\/arionilac.com.tr\/en\/wp-json\/wp\/v2\/comments?post=9535"}],"version-history":[{"count":0,"href":"https:\/\/arionilac.com.tr\/en\/wp-json\/wp\/v2\/pages\/9535\/revisions"}],"wp:attachment":[{"href":"https:\/\/arionilac.com.tr\/en\/wp-json\/wp\/v2\/media?parent=9535"}],"curies":[{"name":"wp","href":"https:\/\/api.w.org\/{rel}","templated":true}]}}